{"id":15429,"date":"2024-06-04T08:31:46","date_gmt":"2024-06-04T08:31:46","guid":{"rendered":"https:\/\/jawdabois.ma\/?page_id=15429"},"modified":"2024-06-05T09:22:28","modified_gmt":"2024-06-05T09:22:28","slug":"madrier-de-coffrage","status":"publish","type":"page","link":"https:\/\/jawdabois.ma\/index.php\/madrier-de-coffrage\/","title":{"rendered":"MADRIER DE COFFRAGE"},"content":{"rendered":"\t\t<div data-elementor-type=\"wp-page\" data-elementor-id=\"15429\" class=\"elementor elementor-15429\">\n\t\t\t\t<div class=\"elementor-element elementor-element-7058c66 e-flex e-con-boxed e-con e-parent\" data-id=\"7058c66\" data-element_type=\"container\" data-e-type=\"container\">\n\t\t\t\t\t<div class=\"e-con-inner\">\n\t\t\t\t<div class=\"elementor-element elementor-element-174cb7a elementor-widget elementor-widget-ct_heading\" data-id=\"174cb7a\" data-element_type=\"widget\" data-e-type=\"widget\" data-widget_type=\"ct_heading.default\">\n\t\t\t\t<div class=\"elementor-widget-container\">\n\t\t\t\t\t<div id=\"ct_heading-174cb7a\" class=\"ct-heading h-align-left item-st-default\">\r\n    <div class=\"heading-wrapper\">\r\n        <div class=\"inner-heading\">\r\n                              <h4 class=\"title-holder\">\r\n                  Jawda bois                <\/h4>\r\n                          \t            \t\t<div class=\"item--sub-title no-image-bg\">\r\n                                                <span>\r\n                            Jawda Bois                        <\/span>\r\n                    <\/div>\r\n            \t                <h3 class=\"item--title case-animate-time st-default \" data-wow-delay=\"ms\">\r\n                    <span>MADRIER DE COFFRAGE<\/span>                <\/h3>\r\n        <\/div>\r\n    <\/div>\r\n<\/div>\r\n\t\t\t\t<\/div>\n\t\t\t\t<\/div>\n\t\t\t\t\t<\/div>\n\t\t\t\t<\/div>\n\t\t<div class=\"elementor-element elementor-element-15c3443 e-flex e-con-boxed e-con e-parent\" data-id=\"15c3443\" data-element_type=\"container\" data-e-type=\"container\">\n\t\t\t\t\t<div class=\"e-con-inner\">\n\t\t<div class=\"elementor-element elementor-element-fd89957 e-con-full e-flex e-con e-child\" data-id=\"fd89957\" data-element_type=\"container\" data-e-type=\"container\">\n\t\t\t\t<div class=\"elementor-element elementor-element-673ad21 elementor-widget elementor-widget-ct_text_editor\" data-id=\"673ad21\" data-element_type=\"widget\" data-e-type=\"widget\" data-widget_type=\"ct_text_editor.default\">\n\t\t\t\t<div class=\"elementor-widget-container\">\n\t\t\t\t\t<div id=\"ct_text_editor-673ad21\" class=\"ct-text-editor \" data-wow-delay=\"ms\">\n\t<div class=\"ct-inline-css\"  data-css=\"\n        \t\t\">\n\n    <\/div>\n\t<div class=\"ct-text-editor-inner elementor-clearfix\">\n\t\t<p>le bois utilis\u00e9 pour les structures temporaires ou les charpentes utilis\u00e9es dans les projets de construction.<\/p><p><strong>Le bois de coffrage<\/strong> peut \u00eatre fabriqu\u00e9 \u00e0 partir d&rsquo;une vari\u00e9t\u00e9 d&rsquo;esp\u00e8ces d&rsquo;arbres, notamment l&rsquo;\u00e9pic\u00e9a, le pin et le sapin. . Dans l&rsquo;ensemble, le\u00a0<strong>bois de coffrage<\/strong>\u00a0est un mat\u00e9riau \u00e9conomique et polyvalent largement utilis\u00e9 dans l&rsquo;industrie de la construction.\u00a0<\/p>\t\t\n\t<\/div>\n<\/div>\t\t\t\t<\/div>\n\t\t\t\t<\/div>\n\t\t\t\t<div class=\"elementor-element elementor-element-7e88c20 elementor-widget elementor-widget-image\" data-id=\"7e88c20\" data-element_type=\"widget\" data-e-type=\"widget\" data-widget_type=\"image.default\">\n\t\t\t\t<div class=\"elementor-widget-container\">\n\t\t\t\t\t\t\t\t\t\t\t\t\t\t\t<img fetchpriority=\"high\" decoding=\"async\" width=\"640\" height=\"426\" src=\"https:\/\/jawdabois.ma\/wp-content\/uploads\/2024\/06\/adobestock_339094563.jpeg\" class=\"attachment-large size-large wp-image-15516\" alt=\"jawda bois\" srcset=\"https:\/\/jawdabois.ma\/wp-content\/uploads\/2024\/06\/adobestock_339094563.jpeg 800w, https:\/\/jawdabois.ma\/wp-content\/uploads\/2024\/06\/adobestock_339094563-300x200.jpeg 300w, https:\/\/jawdabois.ma\/wp-content\/uploads\/2024\/06\/adobestock_339094563-768x512.jpeg 768w, https:\/\/jawdabois.ma\/wp-content\/uploads\/2024\/06\/adobestock_339094563-24x16.jpeg 24w, https:\/\/jawdabois.ma\/wp-content\/uploads\/2024\/06\/adobestock_339094563-36x24.jpeg 36w, https:\/\/jawdabois.ma\/wp-content\/uploads\/2024\/06\/adobestock_339094563-48x32.jpeg 48w, https:\/\/jawdabois.ma\/wp-content\/uploads\/2024\/06\/adobestock_339094563-600x400.jpeg 600w\" sizes=\"(max-width: 640px) 100vw, 640px\" \/>\t\t\t\t\t\t\t\t\t\t\t\t\t\t\t<\/div>\n\t\t\t\t<\/div>\n\t\t\t\t<\/div>\n\t\t<div class=\"elementor-element elementor-element-27ec7f7 e-con-full e-flex e-con e-child\" data-id=\"27ec7f7\" data-element_type=\"container\" data-e-type=\"container\">\n\t\t\t\t<div class=\"elementor-element elementor-element-0abd069 elementor-widget elementor-widget-image\" data-id=\"0abd069\" data-element_type=\"widget\" data-e-type=\"widget\" data-widget_type=\"image.default\">\n\t\t\t\t<div class=\"elementor-widget-container\">\n\t\t\t\t\t\t\t\t\t\t\t\t\t\t\t<img decoding=\"async\" width=\"640\" height=\"640\" src=\"https:\/\/jawdabois.ma\/wp-content\/uploads\/2024\/06\/madrier-75x-225x-6m.jpg\" class=\"attachment-large size-large wp-image-15515\" alt=\"MADRIER DE COFFRAGE\" srcset=\"https:\/\/jawdabois.ma\/wp-content\/uploads\/2024\/06\/madrier-75x-225x-6m.jpg 800w, https:\/\/jawdabois.ma\/wp-content\/uploads\/2024\/06\/madrier-75x-225x-6m-300x300.jpg 300w, https:\/\/jawdabois.ma\/wp-content\/uploads\/2024\/06\/madrier-75x-225x-6m-150x150.jpg 150w, https:\/\/jawdabois.ma\/wp-content\/uploads\/2024\/06\/madrier-75x-225x-6m-768x768.jpg 768w, https:\/\/jawdabois.ma\/wp-content\/uploads\/2024\/06\/madrier-75x-225x-6m-90x90.jpg 90w, https:\/\/jawdabois.ma\/wp-content\/uploads\/2024\/06\/madrier-75x-225x-6m-24x24.jpg 24w, https:\/\/jawdabois.ma\/wp-content\/uploads\/2024\/06\/madrier-75x-225x-6m-36x36.jpg 36w, https:\/\/jawdabois.ma\/wp-content\/uploads\/2024\/06\/madrier-75x-225x-6m-48x48.jpg 48w, https:\/\/jawdabois.ma\/wp-content\/uploads\/2024\/06\/madrier-75x-225x-6m-600x600.jpg 600w, https:\/\/jawdabois.ma\/wp-content\/uploads\/2024\/06\/madrier-75x-225x-6m-460x460.jpg 460w\" sizes=\"(max-width: 640px) 100vw, 640px\" \/>\t\t\t\t\t\t\t\t\t\t\t\t\t\t\t<\/div>\n\t\t\t\t<\/div>\n\t\t\t\t<div class=\"elementor-element elementor-element-6a8d021 elementor-widget elementor-widget-spacer\" data-id=\"6a8d021\" data-element_type=\"widget\" data-e-type=\"widget\" data-widget_type=\"spacer.default\">\n\t\t\t\t<div class=\"elementor-widget-container\">\n\t\t\t\t\t\t\t<div class=\"elementor-spacer\">\n\t\t\t<div class=\"elementor-spacer-inner\"><\/div>\n\t\t<\/div>\n\t\t\t\t\t\t<\/div>\n\t\t\t\t<\/div>\n\t\t\t\t<div class=\"elementor-element elementor-element-ad106c5 elementor-align-center elementor-widget elementor-widget-ct_button\" data-id=\"ad106c5\" data-element_type=\"widget\" data-e-type=\"widget\" data-widget_type=\"ct_button.default\">\n\t\t\t\t<div class=\"elementor-widget-container\">\n\t\t\t\t\t<div id=\"ct_button-ad106c5\" class=\"ct-button-wrapper ct-button-layout1\">\r\n    <div class=\"ct-inline-css\"  data-css=\"\r\n        \">\r\n    <\/div>\r\n            <span class=\"ct-icon-active\"><\/span>\r\n        <a href=\"https:\/\/jawdabois.ma\/index.php\/product\/madrier-de-coffrage\/\" class=\"btn btn-default  icon-ps- \" data-wow-delay=\"ms\">\r\n                            <span class=\"ct-button-icon ct-align-icon-\">\r\n                            <\/span>\r\n                <span class=\"ct-button-text\">Voir le produit<\/span>\r\n    <\/a>\r\n<\/div>\t\t\t\t<\/div>\n\t\t\t\t<\/div>\n\t\t\t\t<\/div>\n\t\t\t\t\t<\/div>\n\t\t\t\t<\/div>\n\t\t<div class=\"elementor-element elementor-element-98b6d5f e-flex e-con-boxed e-con e-parent\" data-id=\"98b6d5f\" data-element_type=\"container\" data-e-type=\"container\">\n\t\t\t\t\t<div class=\"e-con-inner\">\n\t\t\t\t<div class=\"elementor-element elementor-element-f190ba7 elementor-widget elementor-widget-ct_accordion\" data-id=\"f190ba7\" data-element_type=\"widget\" data-e-type=\"widget\" data-widget_type=\"ct_accordion.default\">\n\t\t\t\t<div class=\"elementor-widget-container\">\n\t\t\t\t\t    <div id=\"ct_accordion-f190ba7\" class=\"ct-accordion ct-accordion1 style2 \" >\r\n                <div class=\"inner-layout\">\r\n                            <div class=\"ct-accordion-item active\">\r\n                    <div class=\"ct-ac-title active\" data-target=\"#5cd4c8ect_accordion-f190ba7\">\r\n                        <a class=\"ct-ac-title-text\">ESSENCES                            <i class=\"ct-accordion-icon-plus\"><\/i>\r\n                        <\/a>\r\n                    <\/div>\r\n                    <div id=\"5cd4c8ect_accordion-f190ba7\" class=\"ct-ac-content\" style=\"display:block;\"><br \/>\n\u00c9pic\u00e9a, Pin Maritime, Pin Eliotti, Pin Radiata, Grandis<\/div>\r\n                <\/div>\r\n                            <div class=\"ct-accordion-item \">\r\n                    <div class=\"ct-ac-title \" data-target=\"#755f0e4ct_accordion-f190ba7\">\r\n                        <a class=\"ct-ac-title-text\">APPLICATIONS                            <i class=\"ct-accordion-icon-plus\"><\/i>\r\n                        <\/a>\r\n                    <\/div>\r\n                    <div id=\"755f0e4ct_accordion-f190ba7\" class=\"ct-ac-content\"><br \/>\nCoffrage, Emballage, Palette, Tourets, Menuiserie \u00e9conomique<\/div>\r\n                <\/div>\r\n                            <div class=\"ct-accordion-item \">\r\n                    <div class=\"ct-ac-title \" data-target=\"#dc2b28fct_accordion-f190ba7\">\r\n                        <a class=\"ct-ac-title-text\">HUMIDIT\u00c9 &amp; DURABILIT\u00c9                            <i class=\"ct-accordion-icon-plus\"><\/i>\r\n                        <\/a>\r\n                    <\/div>\r\n                    <div id=\"dc2b28fct_accordion-f190ba7\" class=\"ct-ac-content\"><br \/>\n<br \/>\nDe 12% \u00e0 22%. Classe 1 (naturelle)<\/div>\r\n                <\/div>\r\n                    <\/div>\r\n    <\/div>\r\n\t\t\t\t<\/div>\n\t\t\t\t<\/div>\n\t\t\t\t<div class=\"elementor-element elementor-element-0896604 elementor-widget__width-auto contact-info-custom2 elementor-widget elementor-widget-ct_contact_info\" data-id=\"0896604\" data-element_type=\"widget\" data-e-type=\"widget\" data-widget_type=\"ct_contact_info.default\">\n\t\t\t\t<div class=\"elementor-widget-container\">\n\t\t\t\t\t    <div id=\"ct_contact_info-0896604\" class=\"ct-contact-info ct-contact-info2 style2 \" data-wow-duration=\"1.2s\">\r\n                        <div class=\"item--contact-info\">\r\n                \t    \t\t\t        <span class=\"ct-contact-icon icon-shakeThatBooty\">\r\n                            <a href=\"tel:0535 45 30 44\">        \t\t                <i aria-hidden=\"true\" class=\"flaticon flaticon-phone-call-1\"><\/i>        \t\t                                            <\/a>    \t\t\t        <\/span>\r\n    \t\t\t                        <div class=\"item-meta\">\r\n                        <label class=\"ct-contact-label\">\r\n                           Un devis ?                        <\/label>\r\n                                                    <a class=\"ct-contact-content\" href=\"tel:0535 45 30 44\">\r\n                                0535 45 30 44                            <\/a>\r\n                                            <\/div>\r\n               <\/div>\r\n            <\/div>\r\n\t\t\t\t<\/div>\n\t\t\t\t<\/div>\n\t\t\t\t\t<\/div>\n\t\t\t\t<\/div>\n\t\t\t\t<\/div>\n\t\t","protected":false},"excerpt":{"rendered":"<p>Jawda bois Jawda Bois MADRIER DE COFFRAGE le bois utilis\u00e9 pour les structures temporaires ou les charpentes utilis\u00e9es dans les projets de construction. Le bois de coffrage peut \u00eatre fabriqu\u00e9 \u00e0 partir d&#8217;une vari\u00e9t\u00e9 d&#8217;esp\u00e8ces d&#8217;arbres, notamment l&#8217;\u00e9pic\u00e9a, le pin et le sapin. . Dans l&#8217;ensemble, le\u00a0bois de coffrage\u00a0est un mat\u00e9riau \u00e9conomique et polyvalent largement [&hellip;]<\/p>\n","protected":false},"author":4,"featured_media":0,"parent":0,"menu_order":0,"comment_status":"closed","ping_status":"closed","template":"","meta":{"content-type":"","_monsterinsights_skip_tracking":false,"_monsterinsights_sitenote_active":false,"_monsterinsights_sitenote_note":"","_monsterinsights_sitenote_category":0,"footnotes":""},"class_list":["post-15429","page","type-page","status-publish","hentry"],"_links":{"self":[{"href":"https:\/\/jawdabois.ma\/index.php\/wp-json\/wp\/v2\/pages\/15429"}],"collection":[{"href":"https:\/\/jawdabois.ma\/index.php\/wp-json\/wp\/v2\/pages"}],"about":[{"href":"https:\/\/jawdabois.ma\/index.php\/wp-json\/wp\/v2\/types\/page"}],"author":[{"embeddable":true,"href":"https:\/\/jawdabois.ma\/index.php\/wp-json\/wp\/v2\/users\/4"}],"replies":[{"embeddable":true,"href":"https:\/\/jawdabois.ma\/index.php\/wp-json\/wp\/v2\/comments?post=15429"}],"version-history":[{"count":10,"href":"https:\/\/jawdabois.ma\/index.php\/wp-json\/wp\/v2\/pages\/15429\/revisions"}],"predecessor-version":[{"id":15530,"href":"https:\/\/jawdabois.ma\/index.php\/wp-json\/wp\/v2\/pages\/15429\/revisions\/15530"}],"wp:attachment":[{"href":"https:\/\/jawdabois.ma\/index.php\/wp-json\/wp\/v2\/media?parent=15429"}],"curies":[{"name":"wp","href":"https:\/\/api.w.org\/{rel}","templated":true}]}}