{"id":15431,"date":"2024-06-04T08:32:09","date_gmt":"2024-06-04T08:32:09","guid":{"rendered":"https:\/\/jawdabois.ma\/?page_id=15431"},"modified":"2024-06-04T14:40:17","modified_gmt":"2024-06-04T14:40:17","slug":"poutre-h20","status":"publish","type":"page","link":"https:\/\/jawdabois.ma\/index.php\/poutre-h20\/","title":{"rendered":"POUTRE H20"},"content":{"rendered":"\t\t<div data-elementor-type=\"wp-page\" data-elementor-id=\"15431\" class=\"elementor elementor-15431\">\n\t\t\t\t<div class=\"elementor-element elementor-element-e5be957 e-flex e-con-boxed e-con e-parent\" data-id=\"e5be957\" data-element_type=\"container\" data-e-type=\"container\">\n\t\t\t\t\t<div class=\"e-con-inner\">\n\t\t\t\t<div class=\"elementor-element elementor-element-acdc3a1 elementor-widget elementor-widget-ct_heading\" data-id=\"acdc3a1\" data-element_type=\"widget\" data-e-type=\"widget\" data-widget_type=\"ct_heading.default\">\n\t\t\t\t<div class=\"elementor-widget-container\">\n\t\t\t\t\t<div id=\"ct_heading-acdc3a1\" class=\"ct-heading h-align-left item-st-default\">\r\n    <div class=\"heading-wrapper\">\r\n        <div class=\"inner-heading\">\r\n                              <h4 class=\"title-holder\">\r\n                  Jawda bois                <\/h4>\r\n                          \t            \t\t<div class=\"item--sub-title no-image-bg\">\r\n                                                <span>\r\n                            Jawda Bois                        <\/span>\r\n                    <\/div>\r\n            \t                <h3 class=\"item--title case-animate-time st-default \" data-wow-delay=\"ms\">\r\n                    <span>Poutre H20<\/span>                <\/h3>\r\n        <\/div>\r\n    <\/div>\r\n<\/div>\r\n\t\t\t\t<\/div>\n\t\t\t\t<\/div>\n\t\t\t\t\t<\/div>\n\t\t\t\t<\/div>\n\t\t<div class=\"elementor-element elementor-element-0648e40 e-flex e-con-boxed e-con e-parent\" data-id=\"0648e40\" data-element_type=\"container\" data-e-type=\"container\">\n\t\t\t\t\t<div class=\"e-con-inner\">\n\t\t<div class=\"elementor-element elementor-element-93aecc8 e-con-full e-flex e-con e-child\" data-id=\"93aecc8\" data-element_type=\"container\" data-e-type=\"container\">\n\t\t\t\t<div class=\"elementor-element elementor-element-9c271c7 elementor-widget elementor-widget-ct_text_editor\" data-id=\"9c271c7\" data-element_type=\"widget\" data-e-type=\"widget\" data-widget_type=\"ct_text_editor.default\">\n\t\t\t\t<div class=\"elementor-widget-container\">\n\t\t\t\t\t<div id=\"ct_text_editor-9c271c7\" class=\"ct-text-editor \" data-wow-delay=\"ms\">\n\t<div class=\"ct-inline-css\"  data-css=\"\n        \t\t\">\n\n    <\/div>\n\t<div class=\"ct-text-editor-inner elementor-clearfix\">\n\t\t<p>Les poutres H20, \u00e9galement connues sous le nom de poutres en bois lamell\u00e9-coll\u00e9, sont des \u00e9l\u00e9ments structuraux en bois utilis\u00e9s pour la construction de coffrages de b\u00e9ton, de planchers, de murs et de toitures.<\/p><p>Elles sont fabriqu\u00e9es en collant ensemble plusieurs couches de bois massif, ce qui les rend tr\u00e8s r\u00e9sistantes et durables.<\/p><p>Les poutres H20 sont souvent utilis\u00e9es pour leur capacit\u00e9 \u00e0 supporter des charges lourdes et \u00e0 maintenir la stabilit\u00e9 des structures de construction.<\/p><p>Dimensions du poutre H20:<\/p><p>Hauteur : Les poutres H20 ont g\u00e9n\u00e9ralement une hauteur standard allant de 200 mm \u00e0 500 mm, en fonction des charges qu&rsquo;elles doivent supporter et de la port\u00e9e requise.<\/p><p>Largeur : La largeur des poutres H20 varie g\u00e9n\u00e9ralement entre 80 mm et 120 mm, mais peut \u00eatre plus importante pour des applications sp\u00e9cifiques.<\/p><p>Longueur : Les poutres H20 sont disponibles en longueurs standard allant de quelques m\u00e8tres \u00e0 plusieurs m\u00e8tres, en fonction des besoins du projet de construction.<\/p>\t\t\n\t<\/div>\n<\/div>\t\t\t\t<\/div>\n\t\t\t\t<\/div>\n\t\t\t\t<\/div>\n\t\t<div class=\"elementor-element elementor-element-f89606d e-con-full e-flex e-con e-child\" data-id=\"f89606d\" data-element_type=\"container\" data-e-type=\"container\">\n\t\t\t\t<div class=\"elementor-element elementor-element-cbe73fe elementor-widget elementor-widget-image\" data-id=\"cbe73fe\" data-element_type=\"widget\" data-e-type=\"widget\" data-widget_type=\"image.default\">\n\t\t\t\t<div class=\"elementor-widget-container\">\n\t\t\t\t\t\t\t\t\t\t\t\t\t\t\t<img fetchpriority=\"high\" decoding=\"async\" width=\"640\" height=\"480\" src=\"https:\/\/jawdabois.ma\/wp-content\/uploads\/2024\/06\/POUTRE.png\" class=\"attachment-large size-large wp-image-15493\" alt=\"POUTRE\" srcset=\"https:\/\/jawdabois.ma\/wp-content\/uploads\/2024\/06\/POUTRE.png 1000w, https:\/\/jawdabois.ma\/wp-content\/uploads\/2024\/06\/POUTRE-300x225.png 300w, https:\/\/jawdabois.ma\/wp-content\/uploads\/2024\/06\/POUTRE-768x576.png 768w, https:\/\/jawdabois.ma\/wp-content\/uploads\/2024\/06\/POUTRE-24x18.png 24w, https:\/\/jawdabois.ma\/wp-content\/uploads\/2024\/06\/POUTRE-36x27.png 36w, https:\/\/jawdabois.ma\/wp-content\/uploads\/2024\/06\/POUTRE-48x36.png 48w, https:\/\/jawdabois.ma\/wp-content\/uploads\/2024\/06\/POUTRE-600x450.png 600w\" sizes=\"(max-width: 640px) 100vw, 640px\" \/>\t\t\t\t\t\t\t\t\t\t\t\t\t\t\t<\/div>\n\t\t\t\t<\/div>\n\t\t\t\t<div class=\"elementor-element elementor-element-ba09a4d elementor-widget__width-auto contact-info-custom2 elementor-widget elementor-widget-ct_contact_info\" data-id=\"ba09a4d\" data-element_type=\"widget\" data-e-type=\"widget\" data-widget_type=\"ct_contact_info.default\">\n\t\t\t\t<div class=\"elementor-widget-container\">\n\t\t\t\t\t    <div id=\"ct_contact_info-ba09a4d\" class=\"ct-contact-info ct-contact-info2 style2 \" data-wow-duration=\"1.2s\">\r\n                        <div class=\"item--contact-info\">\r\n                \t    \t\t\t        <span class=\"ct-contact-icon icon-shakeThatBooty\">\r\n                            <a href=\"tel:0535 45 30 44\">        \t\t                <i aria-hidden=\"true\" class=\"flaticon flaticon-phone-call-1\"><\/i>        \t\t                                            <\/a>    \t\t\t        <\/span>\r\n    \t\t\t                        <div class=\"item-meta\">\r\n                        <label class=\"ct-contact-label\">\r\n                           Un devis ?                        <\/label>\r\n                                                    <a class=\"ct-contact-content\" href=\"tel:0535 45 30 44\">\r\n                                0535 45 30 44                            <\/a>\r\n                                            <\/div>\r\n               <\/div>\r\n            <\/div>\r\n\t\t\t\t<\/div>\n\t\t\t\t<\/div>\n\t\t\t\t<\/div>\n\t\t\t\t\t<\/div>\n\t\t\t\t<\/div>\n\t\t\t\t<\/div>\n\t\t","protected":false},"excerpt":{"rendered":"<p>Jawda bois Jawda Bois Poutre H20 Les poutres H20, \u00e9galement connues sous le nom de poutres en bois lamell\u00e9-coll\u00e9, sont des \u00e9l\u00e9ments structuraux en bois utilis\u00e9s pour la construction de coffrages de b\u00e9ton, de planchers, de murs et de toitures. Elles sont fabriqu\u00e9es en collant ensemble plusieurs couches de bois massif, ce qui les rend [&hellip;]<\/p>\n","protected":false},"author":4,"featured_media":0,"parent":0,"menu_order":0,"comment_status":"closed","ping_status":"closed","template":"","meta":{"content-type":"","_monsterinsights_skip_tracking":false,"_monsterinsights_sitenote_active":false,"_monsterinsights_sitenote_note":"","_monsterinsights_sitenote_category":0,"footnotes":""},"class_list":["post-15431","page","type-page","status-publish","hentry"],"_links":{"self":[{"href":"https:\/\/jawdabois.ma\/index.php\/wp-json\/wp\/v2\/pages\/15431"}],"collection":[{"href":"https:\/\/jawdabois.ma\/index.php\/wp-json\/wp\/v2\/pages"}],"about":[{"href":"https:\/\/jawdabois.ma\/index.php\/wp-json\/wp\/v2\/types\/page"}],"author":[{"embeddable":true,"href":"https:\/\/jawdabois.ma\/index.php\/wp-json\/wp\/v2\/users\/4"}],"replies":[{"embeddable":true,"href":"https:\/\/jawdabois.ma\/index.php\/wp-json\/wp\/v2\/comments?post=15431"}],"version-history":[{"count":7,"href":"https:\/\/jawdabois.ma\/index.php\/wp-json\/wp\/v2\/pages\/15431\/revisions"}],"predecessor-version":[{"id":15496,"href":"https:\/\/jawdabois.ma\/index.php\/wp-json\/wp\/v2\/pages\/15431\/revisions\/15496"}],"wp:attachment":[{"href":"https:\/\/jawdabois.ma\/index.php\/wp-json\/wp\/v2\/media?parent=15431"}],"curies":[{"name":"wp","href":"https:\/\/api.w.org\/{rel}","templated":true}]}}