{"id":15435,"date":"2024-06-04T08:33:03","date_gmt":"2024-06-04T08:33:03","guid":{"rendered":"https:\/\/jawdabois.ma\/?page_id=15435"},"modified":"2024-06-04T14:45:05","modified_gmt":"2024-06-04T14:45:05","slug":"contrplaque-bakelise","status":"publish","type":"page","link":"https:\/\/jawdabois.ma\/index.php\/contrplaque-bakelise\/","title":{"rendered":"CONTRPLAQUE BAKELISE"},"content":{"rendered":"\t\t<div data-elementor-type=\"wp-page\" data-elementor-id=\"15435\" class=\"elementor elementor-15435\">\n\t\t\t\t<div class=\"elementor-element elementor-element-746b2ef e-flex e-con-boxed e-con e-parent\" data-id=\"746b2ef\" data-element_type=\"container\" data-e-type=\"container\">\n\t\t\t\t\t<div class=\"e-con-inner\">\n\t\t<div class=\"elementor-element elementor-element-4dba9dd e-flex e-con-boxed e-con e-child\" data-id=\"4dba9dd\" data-element_type=\"container\" data-e-type=\"container\">\n\t\t\t\t\t<div class=\"e-con-inner\">\n\t\t\t\t<div class=\"elementor-element elementor-element-731219d elementor-widget elementor-widget-ct_heading\" data-id=\"731219d\" data-element_type=\"widget\" data-e-type=\"widget\" data-widget_type=\"ct_heading.default\">\n\t\t\t\t<div class=\"elementor-widget-container\">\n\t\t\t\t\t<div id=\"ct_heading-731219d\" class=\"ct-heading h-align-left item-st-default\">\r\n    <div class=\"heading-wrapper\">\r\n        <div class=\"inner-heading\">\r\n                              <h4 class=\"title-holder\">\r\n                  Jawda bois                <\/h4>\r\n                          \t            \t\t<div class=\"item--sub-title no-image-bg\">\r\n                                                <span>\r\n                            Jawda Bois                        <\/span>\r\n                    <\/div>\r\n            \t                <h3 class=\"item--title case-animate-time st-default \" data-wow-delay=\"ms\">\r\n                    <span> Bakelis\u00e9 <\/span>                <\/h3>\r\n        <\/div>\r\n    <\/div>\r\n<\/div>\r\n\t\t\t\t<\/div>\n\t\t\t\t<\/div>\n\t\t\t\t\t<\/div>\n\t\t\t\t<\/div>\n\t\t\t\t\t<\/div>\n\t\t\t\t<\/div>\n\t\t<div class=\"elementor-element elementor-element-39ad620 e-flex e-con-boxed e-con e-parent\" data-id=\"39ad620\" data-element_type=\"container\" data-e-type=\"container\">\n\t\t\t\t\t<div class=\"e-con-inner\">\n\t\t<div class=\"elementor-element elementor-element-4af4462 e-flex e-con-boxed e-con e-child\" data-id=\"4af4462\" data-element_type=\"container\" data-e-type=\"container\">\n\t\t\t\t\t<div class=\"e-con-inner\">\n\t\t<div class=\"elementor-element elementor-element-ae03fb0 e-con-full e-flex e-con e-child\" data-id=\"ae03fb0\" data-element_type=\"container\" data-e-type=\"container\">\n\t\t\t\t<div class=\"elementor-element elementor-element-5f5ccf7 elementor-widget elementor-widget-ct_text_editor\" data-id=\"5f5ccf7\" data-element_type=\"widget\" data-e-type=\"widget\" data-widget_type=\"ct_text_editor.default\">\n\t\t\t\t<div class=\"elementor-widget-container\">\n\t\t\t\t\t<div id=\"ct_text_editor-5f5ccf7\" class=\"ct-text-editor \" data-wow-delay=\"ms\">\n\t<div class=\"ct-inline-css\"  data-css=\"\n        \t\t\">\n\n    <\/div>\n\t<div class=\"ct-text-editor-inner elementor-clearfix\">\n\t\t<p>Le bois bakelis\u00e9 est un mat\u00e9riau composite fabriqu\u00e9 en impr\u00e9gnant du bois de r\u00e9sine ph\u00e9nolique et en le soumettant \u00e0 une forte pression et chaleur.<\/p><p>Ce processus de fabrication rend le bois bakelis\u00e9 tr\u00e8s r\u00e9sistant \u00e0 l&rsquo;humidit\u00e9, aux produits chimiques et \u00e0 l&rsquo;usure, ce qui en fait un mat\u00e9riau id\u00e9al pour les applications ext\u00e9rieures et les environnements humides.<\/p><p>Le bois bakelis\u00e9 est souvent utilis\u00e9 pour la construction de ponts, de quais, de rev\u00eatements ext\u00e9rieurs et d&rsquo;autres structures n\u00e9cessitant une grande r\u00e9sistance et durabilit\u00e9<\/p>\t\t\n\t<\/div>\n<\/div>\t\t\t\t<\/div>\n\t\t\t\t<\/div>\n\t\t\t\t<div class=\"elementor-element elementor-element-1fcab7e elementor-widget elementor-widget-image\" data-id=\"1fcab7e\" data-element_type=\"widget\" data-e-type=\"widget\" data-widget_type=\"image.default\">\n\t\t\t\t<div class=\"elementor-widget-container\">\n\t\t\t\t\t\t\t\t\t\t\t\t\t\t\t<img fetchpriority=\"high\" decoding=\"async\" width=\"442\" height=\"472\" src=\"https:\/\/jawdabois.ma\/wp-content\/uploads\/2024\/06\/DDDDDDD.jpg\" class=\"attachment-large size-large wp-image-15498\" alt=\"Panneau-de-coffrage-Tricapa-\" srcset=\"https:\/\/jawdabois.ma\/wp-content\/uploads\/2024\/06\/DDDDDDD.jpg 442w, https:\/\/jawdabois.ma\/wp-content\/uploads\/2024\/06\/DDDDDDD-281x300.jpg 281w, https:\/\/jawdabois.ma\/wp-content\/uploads\/2024\/06\/DDDDDDD-22x24.jpg 22w, https:\/\/jawdabois.ma\/wp-content\/uploads\/2024\/06\/DDDDDDD-34x36.jpg 34w, https:\/\/jawdabois.ma\/wp-content\/uploads\/2024\/06\/DDDDDDD-45x48.jpg 45w\" sizes=\"(max-width: 442px) 100vw, 442px\" \/>\t\t\t\t\t\t\t\t\t\t\t\t\t\t\t<\/div>\n\t\t\t\t<\/div>\n\t\t\t\t<\/div>\n\t\t<div class=\"elementor-element elementor-element-b123dc8 e-con-full e-flex e-con e-child\" data-id=\"b123dc8\" data-element_type=\"container\" data-e-type=\"container\">\n\t\t\t\t<div class=\"elementor-element elementor-element-fac3762 elementor-widget elementor-widget-image\" data-id=\"fac3762\" data-element_type=\"widget\" data-e-type=\"widget\" data-widget_type=\"image.default\">\n\t\t\t\t<div class=\"elementor-widget-container\">\n\t\t\t\t\t\t\t\t\t\t\t\t\t\t\t<img decoding=\"async\" width=\"640\" height=\"360\" src=\"https:\/\/jawdabois.ma\/wp-content\/uploads\/2024\/06\/SSS.png\" class=\"attachment-large size-large wp-image-15497\" alt=\"jawda bois\" srcset=\"https:\/\/jawdabois.ma\/wp-content\/uploads\/2024\/06\/SSS.png 800w, https:\/\/jawdabois.ma\/wp-content\/uploads\/2024\/06\/SSS-300x169.png 300w, https:\/\/jawdabois.ma\/wp-content\/uploads\/2024\/06\/SSS-768x432.png 768w, https:\/\/jawdabois.ma\/wp-content\/uploads\/2024\/06\/SSS-24x14.png 24w, https:\/\/jawdabois.ma\/wp-content\/uploads\/2024\/06\/SSS-36x20.png 36w, https:\/\/jawdabois.ma\/wp-content\/uploads\/2024\/06\/SSS-48x27.png 48w, https:\/\/jawdabois.ma\/wp-content\/uploads\/2024\/06\/SSS-600x338.png 600w\" sizes=\"(max-width: 640px) 100vw, 640px\" \/>\t\t\t\t\t\t\t\t\t\t\t\t\t\t\t<\/div>\n\t\t\t\t<\/div>\n\t\t\t\t<div class=\"elementor-element elementor-element-328c7af elementor-widget__width-auto contact-info-custom2 elementor-widget elementor-widget-ct_contact_info\" data-id=\"328c7af\" data-element_type=\"widget\" data-e-type=\"widget\" data-widget_type=\"ct_contact_info.default\">\n\t\t\t\t<div class=\"elementor-widget-container\">\n\t\t\t\t\t    <div id=\"ct_contact_info-328c7af\" class=\"ct-contact-info ct-contact-info2 style2 \" data-wow-duration=\"1.2s\">\r\n                        <div class=\"item--contact-info\">\r\n                \t    \t\t\t        <span class=\"ct-contact-icon icon-shakeThatBooty\">\r\n                            <a href=\"tel:0535 45 30 44\">        \t\t                <i aria-hidden=\"true\" class=\"flaticon flaticon-phone-call-1\"><\/i>        \t\t                                            <\/a>    \t\t\t        <\/span>\r\n    \t\t\t                        <div class=\"item-meta\">\r\n                        <label class=\"ct-contact-label\">\r\n                           Un devis ?                        <\/label>\r\n                                                    <a class=\"ct-contact-content\" href=\"tel:0535 45 30 44\">\r\n                                0535 45 30 44                            <\/a>\r\n                                            <\/div>\r\n               <\/div>\r\n            <\/div>\r\n\t\t\t\t<\/div>\n\t\t\t\t<\/div>\n\t\t\t\t<\/div>\n\t\t\t\t\t<\/div>\n\t\t\t\t<\/div>\n\t\t\t\t\t<\/div>\n\t\t\t\t<\/div>\n\t\t\t\t<\/div>\n\t\t","protected":false},"excerpt":{"rendered":"<p>Jawda bois Jawda Bois Bakelis\u00e9 Le bois bakelis\u00e9 est un mat\u00e9riau composite fabriqu\u00e9 en impr\u00e9gnant du bois de r\u00e9sine ph\u00e9nolique et en le soumettant \u00e0 une forte pression et chaleur. Ce processus de fabrication rend le bois bakelis\u00e9 tr\u00e8s r\u00e9sistant \u00e0 l&#8217;humidit\u00e9, aux produits chimiques et \u00e0 l&#8217;usure, ce qui en fait un mat\u00e9riau id\u00e9al [&hellip;]<\/p>\n","protected":false},"author":4,"featured_media":0,"parent":0,"menu_order":0,"comment_status":"closed","ping_status":"closed","template":"","meta":{"content-type":"","_monsterinsights_skip_tracking":false,"_monsterinsights_sitenote_active":false,"_monsterinsights_sitenote_note":"","_monsterinsights_sitenote_category":0,"footnotes":""},"class_list":["post-15435","page","type-page","status-publish","hentry"],"_links":{"self":[{"href":"https:\/\/jawdabois.ma\/index.php\/wp-json\/wp\/v2\/pages\/15435"}],"collection":[{"href":"https:\/\/jawdabois.ma\/index.php\/wp-json\/wp\/v2\/pages"}],"about":[{"href":"https:\/\/jawdabois.ma\/index.php\/wp-json\/wp\/v2\/types\/page"}],"author":[{"embeddable":true,"href":"https:\/\/jawdabois.ma\/index.php\/wp-json\/wp\/v2\/users\/4"}],"replies":[{"embeddable":true,"href":"https:\/\/jawdabois.ma\/index.php\/wp-json\/wp\/v2\/comments?post=15435"}],"version-history":[{"count":4,"href":"https:\/\/jawdabois.ma\/index.php\/wp-json\/wp\/v2\/pages\/15435\/revisions"}],"predecessor-version":[{"id":15501,"href":"https:\/\/jawdabois.ma\/index.php\/wp-json\/wp\/v2\/pages\/15435\/revisions\/15501"}],"wp:attachment":[{"href":"https:\/\/jawdabois.ma\/index.php\/wp-json\/wp\/v2\/media?parent=15435"}],"curies":[{"name":"wp","href":"https:\/\/api.w.org\/{rel}","templated":true}]}}