{"id":15439,"date":"2024-06-04T08:33:49","date_gmt":"2024-06-04T08:33:49","guid":{"rendered":"https:\/\/jawdabois.ma\/?page_id=15439"},"modified":"2024-06-27T15:15:59","modified_gmt":"2024-06-27T15:15:59","slug":"mdf-panel","status":"publish","type":"page","link":"https:\/\/jawdabois.ma\/index.php\/mdf-panel\/","title":{"rendered":"MDF PANEL"},"content":{"rendered":"\t\t<div data-elementor-type=\"wp-page\" data-elementor-id=\"15439\" class=\"elementor elementor-15439\">\n\t\t\t\t<div class=\"elementor-element elementor-element-ea39794 e-flex e-con-boxed e-con e-parent\" data-id=\"ea39794\" data-element_type=\"container\" data-e-type=\"container\">\n\t\t\t\t\t<div class=\"e-con-inner\">\n\t\t\t\t<div class=\"elementor-element elementor-element-508d0c0 elementor-widget elementor-widget-ct_heading\" data-id=\"508d0c0\" data-element_type=\"widget\" data-e-type=\"widget\" data-widget_type=\"ct_heading.default\">\n\t\t\t\t<div class=\"elementor-widget-container\">\n\t\t\t\t\t<div id=\"ct_heading-508d0c0\" class=\"ct-heading h-align-center item-line-title\">\r\n    <div class=\"heading-wrapper\">\r\n        <div class=\"inner-heading\">\r\n                              <h4 class=\"title-holder\">\r\n                  jawda bois                <\/h4>\r\n                          \t                <h3 class=\"item--title case-animate-time line-title wow tada\" data-wow-delay=\"ms\">\r\n                    <span>MDF PANEL G<\/span>                <\/h3>\r\n        <\/div>\r\n    <\/div>\r\n<\/div>\r\n\t\t\t\t<\/div>\n\t\t\t\t<\/div>\n\t\t\t\t\t<\/div>\n\t\t\t\t<\/div>\n\t\t<div class=\"elementor-element elementor-element-98dcf1f e-flex e-con-boxed e-con e-parent\" data-id=\"98dcf1f\" data-element_type=\"container\" data-e-type=\"container\">\n\t\t\t\t\t<div class=\"e-con-inner\">\n\t\t<div class=\"elementor-element elementor-element-79a9696 e-con-full e-flex e-con e-child\" data-id=\"79a9696\" data-element_type=\"container\" data-e-type=\"container\">\n\t\t\t\t<div class=\"elementor-element elementor-element-0fcca1d elementor-widget elementor-widget-text-editor\" data-id=\"0fcca1d\" data-element_type=\"widget\" data-e-type=\"widget\" data-widget_type=\"text-editor.default\">\n\t\t\t\t<div class=\"elementor-widget-container\">\n\t\t\t\t\t\t\t\t\t<p>Certains fabricants proposent du MDF avec des poign\u00e9es int\u00e9gr\u00e9es, ce qui permet de cr\u00e9er des designs de meubles modernes et \u00e9pur\u00e9s sans avoir besoin d&rsquo;ajouter des poign\u00e9es s\u00e9par\u00e9es. Cela peut \u00eatre pratique pour les armoires, les tiroirs et les portes de placard.<\/p><p><strong>Dimensions<\/strong> : Les dimensions peuvent varier en fonction du fabricant et des designs sp\u00e9cifiques.<\/p><p>\u00a0<\/p>\t\t\t\t\t\t\t\t<\/div>\n\t\t\t\t<\/div>\n\t\t\t\t<\/div>\n\t\t<div class=\"elementor-element elementor-element-b14a28a e-con-full e-flex e-con e-child\" data-id=\"b14a28a\" data-element_type=\"container\" data-e-type=\"container\">\n\t\t\t\t<div class=\"elementor-element elementor-element-02ca965 elementor-widget elementor-widget-image\" data-id=\"02ca965\" data-element_type=\"widget\" data-e-type=\"widget\" data-widget_type=\"image.default\">\n\t\t\t\t<div class=\"elementor-widget-container\">\n\t\t\t\t\t\t\t\t\t\t\t\t\t\t\t<img fetchpriority=\"high\" decoding=\"async\" width=\"640\" height=\"342\" src=\"https:\/\/jawdabois.ma\/wp-content\/uploads\/2024\/06\/FFFFFFF-1024x547.png\" class=\"attachment-large size-large wp-image-15670\" alt=\"\" srcset=\"https:\/\/jawdabois.ma\/wp-content\/uploads\/2024\/06\/FFFFFFF-1024x547.png 1024w, https:\/\/jawdabois.ma\/wp-content\/uploads\/2024\/06\/FFFFFFF-300x160.png 300w, https:\/\/jawdabois.ma\/wp-content\/uploads\/2024\/06\/FFFFFFF-768x410.png 768w, https:\/\/jawdabois.ma\/wp-content\/uploads\/2024\/06\/FFFFFFF-600x321.png 600w, https:\/\/jawdabois.ma\/wp-content\/uploads\/2024\/06\/FFFFFFF.png 1299w\" sizes=\"(max-width: 640px) 100vw, 640px\" \/>\t\t\t\t\t\t\t\t\t\t\t\t\t\t\t<\/div>\n\t\t\t\t<\/div>\n\t\t\t\t<\/div>\n\t\t\t\t\t<\/div>\n\t\t\t\t<\/div>\n\t\t<div class=\"elementor-element elementor-element-e1b91c9 e-flex e-con-boxed e-con e-parent\" data-id=\"e1b91c9\" data-element_type=\"container\" data-e-type=\"container\">\n\t\t\t\t\t<div class=\"e-con-inner\">\n\t\t<div class=\"elementor-element elementor-element-1f74f5e e-con-full e-flex e-con e-child\" data-id=\"1f74f5e\" data-element_type=\"container\" data-e-type=\"container\">\n\t\t\t\t<div class=\"elementor-element elementor-element-c093473 elementor-widget elementor-widget-ct_accordion\" data-id=\"c093473\" data-element_type=\"widget\" data-e-type=\"widget\" data-widget_type=\"ct_accordion.default\">\n\t\t\t\t<div class=\"elementor-widget-container\">\n\t\t\t\t\t    <div id=\"ct_accordion-c093473\" class=\"ct-accordion ct-accordion1 style2 \" >\r\n                <div class=\"inner-layout\">\r\n                            <div class=\"ct-accordion-item active\">\r\n                    <div class=\"ct-ac-title active\" data-target=\"#5cd4c8ect_accordion-c093473\">\r\n                        <a class=\"ct-ac-title-text\">Utilisations                             <i class=\"ct-accordion-icon-plus\"><\/i>\r\n                        <\/a>\r\n                    <\/div>\r\n                    <div id=\"5cd4c8ect_accordion-c093473\" class=\"ct-ac-content\" style=\"display:block;\">Id\u00e9al pour la fabrication de meubles modernes et \u00e9pur\u00e9s, tels que des armoires, des tiroirs et des portes de placard, sans n\u00e9cessiter l'ajout de poign\u00e9es s\u00e9par\u00e9es. Offre un aspect esth\u00e9tique et fonctionnel<\/div>\r\n                <\/div>\r\n                            <div class=\"ct-accordion-item \">\r\n                    <div class=\"ct-ac-title \" data-target=\"#755f0e4ct_accordion-c093473\">\r\n                        <a class=\"ct-ac-title-text\">Dimensions                            <i class=\"ct-accordion-icon-plus\"><\/i>\r\n                        <\/a>\r\n                    <\/div>\r\n                    <div id=\"755f0e4ct_accordion-c093473\" class=\"ct-ac-content\">Les dimensions peuvent varier en fonction du fabricant et des designs sp\u00e9cifiques.<\/div>\r\n                <\/div>\r\n                    <\/div>\r\n    <\/div>\r\n\t\t\t\t<\/div>\n\t\t\t\t<\/div>\n\t\t\t\t<\/div>\n\t\t<div class=\"elementor-element elementor-element-822868f e-con-full e-flex e-con e-child\" data-id=\"822868f\" data-element_type=\"container\" data-e-type=\"container\">\n\t\t\t\t<div class=\"elementor-element elementor-element-f14a456 elementor-widget elementor-widget-image\" data-id=\"f14a456\" data-element_type=\"widget\" data-e-type=\"widget\" data-widget_type=\"image.default\">\n\t\t\t\t<div class=\"elementor-widget-container\">\n\t\t\t\t\t\t\t\t\t\t\t\t\t\t\t<img decoding=\"async\" width=\"640\" height=\"383\" src=\"https:\/\/jawdabois.ma\/wp-content\/uploads\/2024\/06\/MMM-1024x612.png\" class=\"attachment-large size-large wp-image-15671\" alt=\"\" srcset=\"https:\/\/jawdabois.ma\/wp-content\/uploads\/2024\/06\/MMM-1024x612.png 1024w, https:\/\/jawdabois.ma\/wp-content\/uploads\/2024\/06\/MMM-300x179.png 300w, https:\/\/jawdabois.ma\/wp-content\/uploads\/2024\/06\/MMM-768x459.png 768w, https:\/\/jawdabois.ma\/wp-content\/uploads\/2024\/06\/MMM-600x359.png 600w, https:\/\/jawdabois.ma\/wp-content\/uploads\/2024\/06\/MMM.png 1226w\" sizes=\"(max-width: 640px) 100vw, 640px\" \/>\t\t\t\t\t\t\t\t\t\t\t\t\t\t\t<\/div>\n\t\t\t\t<\/div>\n\t\t\t\t<\/div>\n\t\t\t\t\t<\/div>\n\t\t\t\t<\/div>\n\t\t<div class=\"elementor-element elementor-element-c4a7b9d e-flex e-con-boxed e-con e-parent\" data-id=\"c4a7b9d\" data-element_type=\"container\" data-e-type=\"container\">\n\t\t\t\t\t<div class=\"e-con-inner\">\n\t\t\t\t<div class=\"elementor-element elementor-element-5827460 elementor-align-center elementor-widget elementor-widget-ct_button\" data-id=\"5827460\" data-element_type=\"widget\" data-e-type=\"widget\" data-widget_type=\"ct_button.default\">\n\t\t\t\t<div class=\"elementor-widget-container\">\n\t\t\t\t\t<div id=\"ct_button-5827460\" class=\"ct-button-wrapper ct-button-layout1\">\r\n    <div class=\"ct-inline-css\"  data-css=\"\r\n        \">\r\n    <\/div>\r\n            <span class=\"ct-icon-active\"><\/span>\r\n        <a href=\"https:\/\/jawdabois.ma\/index.php\/product-category\/mdf\/mdf-panel\/\" class=\"btn btn-primary  icon-ps-left \" data-wow-delay=\"ms\">\r\n                            <span class=\"ct-button-icon ct-align-icon-left\">\r\n                <i aria-hidden=\"true\" class=\"fas fa-compress\"><\/i>            <\/span>\r\n                <span class=\"ct-button-text\">Voir le catalogue des produits <\/span>\r\n    <\/a>\r\n<\/div>\t\t\t\t<\/div>\n\t\t\t\t<\/div>\n\t\t\t\t\t<\/div>\n\t\t\t\t<\/div>\n\t\t\t\t<\/div>\n\t\t","protected":false},"excerpt":{"rendered":"<p>jawda bois MDF PANEL G Certains fabricants proposent du MDF avec des poign\u00e9es int\u00e9gr\u00e9es, ce qui permet de cr\u00e9er des designs de meubles modernes et \u00e9pur\u00e9s sans avoir besoin d&rsquo;ajouter des poign\u00e9es s\u00e9par\u00e9es. Cela peut \u00eatre pratique pour les armoires, les tiroirs et les portes de placard. Dimensions : Les dimensions peuvent varier en fonction [&hellip;]<\/p>\n","protected":false},"author":4,"featured_media":0,"parent":0,"menu_order":0,"comment_status":"closed","ping_status":"closed","template":"","meta":{"content-type":"","_monsterinsights_skip_tracking":false,"_monsterinsights_sitenote_active":false,"_monsterinsights_sitenote_note":"","_monsterinsights_sitenote_category":0,"footnotes":""},"class_list":["post-15439","page","type-page","status-publish","hentry"],"_links":{"self":[{"href":"https:\/\/jawdabois.ma\/index.php\/wp-json\/wp\/v2\/pages\/15439"}],"collection":[{"href":"https:\/\/jawdabois.ma\/index.php\/wp-json\/wp\/v2\/pages"}],"about":[{"href":"https:\/\/jawdabois.ma\/index.php\/wp-json\/wp\/v2\/types\/page"}],"author":[{"embeddable":true,"href":"https:\/\/jawdabois.ma\/index.php\/wp-json\/wp\/v2\/users\/4"}],"replies":[{"embeddable":true,"href":"https:\/\/jawdabois.ma\/index.php\/wp-json\/wp\/v2\/comments?post=15439"}],"version-history":[{"count":7,"href":"https:\/\/jawdabois.ma\/index.php\/wp-json\/wp\/v2\/pages\/15439\/revisions"}],"predecessor-version":[{"id":15675,"href":"https:\/\/jawdabois.ma\/index.php\/wp-json\/wp\/v2\/pages\/15439\/revisions\/15675"}],"wp:attachment":[{"href":"https:\/\/jawdabois.ma\/index.php\/wp-json\/wp\/v2\/media?parent=15439"}],"curies":[{"name":"wp","href":"https:\/\/api.w.org\/{rel}","templated":true}]}}