{"id":15455,"date":"2024-06-04T08:55:05","date_gmt":"2024-06-04T08:55:05","guid":{"rendered":"https:\/\/jawdabois.ma\/?page_id=15455"},"modified":"2024-06-06T09:13:21","modified_gmt":"2024-06-06T09:13:21","slug":"osb","status":"publish","type":"page","link":"https:\/\/jawdabois.ma\/index.php\/osb\/","title":{"rendered":"OSB"},"content":{"rendered":"\t\t<div data-elementor-type=\"wp-page\" data-elementor-id=\"15455\" class=\"elementor elementor-15455\">\n\t\t\t\t<div class=\"elementor-element elementor-element-9d2834e e-flex e-con-boxed e-con e-parent\" data-id=\"9d2834e\" data-element_type=\"container\" data-e-type=\"container\">\n\t\t\t\t\t<div class=\"e-con-inner\">\n\t\t<div class=\"elementor-element elementor-element-ba3bb82 e-flex e-con-boxed e-con e-child\" data-id=\"ba3bb82\" data-element_type=\"container\" data-e-type=\"container\">\n\t\t\t\t\t<div class=\"e-con-inner\">\n\t\t\t\t<div class=\"elementor-element elementor-element-0412e11 elementor-widget elementor-widget-ct_heading\" data-id=\"0412e11\" data-element_type=\"widget\" data-e-type=\"widget\" data-widget_type=\"ct_heading.default\">\n\t\t\t\t<div class=\"elementor-widget-container\">\n\t\t\t\t\t<div id=\"ct_heading-0412e11\" class=\"ct-heading h-align-center item-line-title\">\r\n    <div class=\"heading-wrapper\">\r\n        <div class=\"inner-heading\">\r\n                              <h4 class=\"title-holder\">\r\n                  jawda                 <\/h4>\r\n                          \t                <h3 class=\"item--title case-animate-time line-title wow tada\" data-wow-delay=\"ms\">\r\n                    <span>OSB<\/span>                <\/h3>\r\n        <\/div>\r\n    <\/div>\r\n<\/div>\r\n\t\t\t\t<\/div>\n\t\t\t\t<\/div>\n\t\t\t\t\t<\/div>\n\t\t\t\t<\/div>\n\t\t\t\t\t<\/div>\n\t\t\t\t<\/div>\n\t\t<div class=\"elementor-element elementor-element-b208c17 e-flex e-con-boxed e-con e-parent\" data-id=\"b208c17\" data-element_type=\"container\" data-e-type=\"container\">\n\t\t\t\t\t<div class=\"e-con-inner\">\n\t\t<div class=\"elementor-element elementor-element-94fa0f5 e-con-full e-flex e-con e-child\" data-id=\"94fa0f5\" data-element_type=\"container\" data-e-type=\"container\">\n\t\t\t\t<div class=\"elementor-element elementor-element-7984290 elementor-widget elementor-widget-text-editor\" data-id=\"7984290\" data-element_type=\"widget\" data-e-type=\"widget\" data-widget_type=\"text-editor.default\">\n\t\t\t\t<div class=\"elementor-widget-container\">\n\t\t\t\t\t\t\t\t\t<p>L&rsquo;OSB est un panneau de bois fabriqu\u00e9 \u00e0 partir de copeaux de bois orient\u00e9s dans des directions sp\u00e9cifiques, puis press\u00e9s ensemble avec de la r\u00e9sine.<\/p><p>\u00a0<\/p>\t\t\t\t\t\t\t\t<\/div>\n\t\t\t\t<\/div>\n\t\t\t\t<div class=\"elementor-element elementor-element-06d38f2 elementor-widget elementor-widget-ct_accordion\" data-id=\"06d38f2\" data-element_type=\"widget\" data-e-type=\"widget\" data-widget_type=\"ct_accordion.default\">\n\t\t\t\t<div class=\"elementor-widget-container\">\n\t\t\t\t\t    <div id=\"ct_accordion-06d38f2\" class=\"ct-accordion ct-accordion1 style2 \" >\r\n                <div class=\"inner-layout\">\r\n                            <div class=\"ct-accordion-item active\">\r\n                    <div class=\"ct-ac-title active\" data-target=\"#5cd4c8ect_accordion-06d38f2\">\r\n                        <a class=\"ct-ac-title-text\">Caract\u00e9ristiques                            <i class=\"ct-accordion-icon-plus\"><\/i>\r\n                        <\/a>\r\n                    <\/div>\r\n                    <div id=\"5cd4c8ect_accordion-06d38f2\" class=\"ct-ac-content\" style=\"display:block;\">L'OSB est connu pour sa r\u00e9sistance, sa stabilit\u00e9 et sa polyvalence. Il est souvent utilis\u00e9 dans la construction pour les planchers, les murs et les toitures.<\/div>\r\n                <\/div>\r\n                            <div class=\"ct-accordion-item \">\r\n                    <div class=\"ct-ac-title \" data-target=\"#755f0e4ct_accordion-06d38f2\">\r\n                        <a class=\"ct-ac-title-text\">Utilisation                            <i class=\"ct-accordion-icon-plus\"><\/i>\r\n                        <\/a>\r\n                    <\/div>\r\n                    <div id=\"755f0e4ct_accordion-06d38f2\" class=\"ct-ac-content\">L'OSB est largement utilis\u00e9 dans l'industrie de la construction en raison de sa durabilit\u00e9 et de son co\u00fbt relativement bas.<\/div>\r\n                <\/div>\r\n                    <\/div>\r\n    <\/div>\r\n\t\t\t\t<\/div>\n\t\t\t\t<\/div>\n\t\t\t\t<\/div>\n\t\t<div class=\"elementor-element elementor-element-a034450 e-con-full e-flex e-con e-child\" data-id=\"a034450\" data-element_type=\"container\" data-e-type=\"container\">\n\t\t\t\t<div class=\"elementor-element elementor-element-3f7d1cb elementor-widget elementor-widget-image\" data-id=\"3f7d1cb\" data-element_type=\"widget\" data-e-type=\"widget\" data-widget_type=\"image.default\">\n\t\t\t\t<div class=\"elementor-widget-container\">\n\t\t\t\t\t\t\t\t\t\t\t\t\t\t\t<img fetchpriority=\"high\" decoding=\"async\" width=\"640\" height=\"563\" src=\"https:\/\/jawdabois.ma\/wp-content\/uploads\/2024\/06\/ZZZZ-1024x900.jpg\" class=\"attachment-large size-large wp-image-15541\" alt=\"OSB\" srcset=\"https:\/\/jawdabois.ma\/wp-content\/uploads\/2024\/06\/ZZZZ-1024x900.jpg 1024w, https:\/\/jawdabois.ma\/wp-content\/uploads\/2024\/06\/ZZZZ-300x264.jpg 300w, https:\/\/jawdabois.ma\/wp-content\/uploads\/2024\/06\/ZZZZ-768x675.jpg 768w, https:\/\/jawdabois.ma\/wp-content\/uploads\/2024\/06\/ZZZZ-600x527.jpg 600w, https:\/\/jawdabois.ma\/wp-content\/uploads\/2024\/06\/ZZZZ.jpg 1365w\" sizes=\"(max-width: 640px) 100vw, 640px\" \/>\t\t\t\t\t\t\t\t\t\t\t\t\t\t\t<\/div>\n\t\t\t\t<\/div>\n\t\t\t\t<\/div>\n\t\t\t\t\t<\/div>\n\t\t\t\t<\/div>\n\t\t<div class=\"elementor-element elementor-element-c59bb9a e-flex e-con-boxed e-con e-parent\" data-id=\"c59bb9a\" data-element_type=\"container\" data-e-type=\"container\">\n\t\t\t\t\t<div class=\"e-con-inner\">\n\t\t\t\t<div class=\"elementor-element elementor-element-d50631d elementor-align-center elementor-widget elementor-widget-ct_button\" data-id=\"d50631d\" data-element_type=\"widget\" data-e-type=\"widget\" data-widget_type=\"ct_button.default\">\n\t\t\t\t<div class=\"elementor-widget-container\">\n\t\t\t\t\t<div id=\"ct_button-d50631d\" class=\"ct-button-wrapper ct-button-layout1\">\r\n    <div class=\"ct-inline-css\"  data-css=\"\r\n        \">\r\n    <\/div>\r\n            <span class=\"ct-icon-active\"><\/span>\r\n        <a href=\"https:\/\/jawdabois.ma\/index.php\/product-category\/OSB\" class=\"btn btn-default  icon-ps-left \" data-wow-delay=\"ms\">\r\n                            <span class=\"ct-button-icon ct-align-icon-left\">\r\n                <i aria-hidden=\"true\" class=\"fas fa-sort-amount-down\"><\/i>            <\/span>\r\n                <span class=\"ct-button-text\">Voir tous les produits <\/span>\r\n    <\/a>\r\n<\/div>\t\t\t\t<\/div>\n\t\t\t\t<\/div>\n\t\t\t\t\t<\/div>\n\t\t\t\t<\/div>\n\t\t\t\t<\/div>\n\t\t","protected":false},"excerpt":{"rendered":"<p>jawda OSB L&rsquo;OSB est un panneau de bois fabriqu\u00e9 \u00e0 partir de copeaux de bois orient\u00e9s dans des directions sp\u00e9cifiques, puis press\u00e9s ensemble avec de la r\u00e9sine. \u00a0 Caract\u00e9ristiques L&rsquo;OSB est connu pour sa r\u00e9sistance, sa stabilit\u00e9 et sa polyvalence. Il est souvent utilis\u00e9 dans la construction pour les planchers, les murs et les toitures. [&hellip;]<\/p>\n","protected":false},"author":4,"featured_media":0,"parent":0,"menu_order":0,"comment_status":"closed","ping_status":"closed","template":"","meta":{"content-type":"","_monsterinsights_skip_tracking":false,"_monsterinsights_sitenote_active":false,"_monsterinsights_sitenote_note":"","_monsterinsights_sitenote_category":0,"footnotes":""},"class_list":["post-15455","page","type-page","status-publish","hentry"],"_links":{"self":[{"href":"https:\/\/jawdabois.ma\/index.php\/wp-json\/wp\/v2\/pages\/15455"}],"collection":[{"href":"https:\/\/jawdabois.ma\/index.php\/wp-json\/wp\/v2\/pages"}],"about":[{"href":"https:\/\/jawdabois.ma\/index.php\/wp-json\/wp\/v2\/types\/page"}],"author":[{"embeddable":true,"href":"https:\/\/jawdabois.ma\/index.php\/wp-json\/wp\/v2\/users\/4"}],"replies":[{"embeddable":true,"href":"https:\/\/jawdabois.ma\/index.php\/wp-json\/wp\/v2\/comments?post=15455"}],"version-history":[{"count":4,"href":"https:\/\/jawdabois.ma\/index.php\/wp-json\/wp\/v2\/pages\/15455\/revisions"}],"predecessor-version":[{"id":15544,"href":"https:\/\/jawdabois.ma\/index.php\/wp-json\/wp\/v2\/pages\/15455\/revisions\/15544"}],"wp:attachment":[{"href":"https:\/\/jawdabois.ma\/index.php\/wp-json\/wp\/v2\/media?parent=15455"}],"curies":[{"name":"wp","href":"https:\/\/api.w.org\/{rel}","templated":true}]}}