{"id":15461,"date":"2024-06-04T08:56:45","date_gmt":"2024-06-04T08:56:45","guid":{"rendered":"https:\/\/jawdabois.ma\/?page_id=15461"},"modified":"2024-06-06T09:36:25","modified_gmt":"2024-06-06T09:36:25","slug":"panneaux-brute","status":"publish","type":"page","link":"https:\/\/jawdabois.ma\/index.php\/panneaux-brute\/","title":{"rendered":"Panneaux brute"},"content":{"rendered":"\t\t<div data-elementor-type=\"wp-page\" data-elementor-id=\"15461\" class=\"elementor elementor-15461\">\n\t\t\t\t<div class=\"elementor-element elementor-element-a85597b e-flex e-con-boxed e-con e-parent\" data-id=\"a85597b\" data-element_type=\"container\" data-e-type=\"container\">\n\t\t\t\t\t<div class=\"e-con-inner\">\n\t\t\t\t<div class=\"elementor-element elementor-element-6645b9a elementor-widget elementor-widget-ct_heading\" data-id=\"6645b9a\" data-element_type=\"widget\" data-e-type=\"widget\" data-widget_type=\"ct_heading.default\">\n\t\t\t\t<div class=\"elementor-widget-container\">\n\t\t\t\t\t<div id=\"ct_heading-6645b9a\" class=\"ct-heading h-align-center item-line-title\">\r\n    <div class=\"heading-wrapper\">\r\n        <div class=\"inner-heading\">\r\n                              <h4 class=\"title-holder\">\r\n                  jawda                 <\/h4>\r\n                          \t                <h3 class=\"item--title case-animate-time line-title wow tada\" data-wow-delay=\"ms\">\r\n                    <span>Panneaux particule bruts<\/span>                <\/h3>\r\n        <\/div>\r\n    <\/div>\r\n<\/div>\r\n\t\t\t\t<\/div>\n\t\t\t\t<\/div>\n\t\t\t\t\t<\/div>\n\t\t\t\t<\/div>\n\t\t<div class=\"elementor-element elementor-element-a6dc01b e-flex e-con-boxed e-con e-parent\" data-id=\"a6dc01b\" data-element_type=\"container\" data-e-type=\"container\">\n\t\t\t\t\t<div class=\"e-con-inner\">\n\t\t<div class=\"elementor-element elementor-element-6127774 e-con-full e-flex e-con e-child\" data-id=\"6127774\" data-element_type=\"container\" data-e-type=\"container\">\n\t\t\t\t<div class=\"elementor-element elementor-element-7006efa elementor-widget elementor-widget-text-editor\" data-id=\"7006efa\" data-element_type=\"widget\" data-e-type=\"widget\" data-widget_type=\"text-editor.default\">\n\t\t\t\t<div class=\"elementor-widget-container\">\n\t\t\t\t\t\t\t\t\t<p>Les panneaux de particules bruts sont des panneaux de particules non rev\u00eatus, g\u00e9n\u00e9ralement utilis\u00e9s comme mat\u00e9riau de base pour d&rsquo;autres finitions<\/p>\t\t\t\t\t\t\t\t<\/div>\n\t\t\t\t<\/div>\n\t\t\t\t<div class=\"elementor-element elementor-element-0dfbdf4 elementor-widget elementor-widget-ct_accordion\" data-id=\"0dfbdf4\" data-element_type=\"widget\" data-e-type=\"widget\" data-widget_type=\"ct_accordion.default\">\n\t\t\t\t<div class=\"elementor-widget-container\">\n\t\t\t\t\t    <div id=\"ct_accordion-0dfbdf4\" class=\"ct-accordion ct-accordion1 style2 \" >\r\n                <div class=\"inner-layout\">\r\n                            <div class=\"ct-accordion-item active\">\r\n                    <div class=\"ct-ac-title active\" data-target=\"#5cd4c8ect_accordion-0dfbdf4\">\r\n                        <a class=\"ct-ac-title-text\">Caract\u00e9ristiques                            <i class=\"ct-accordion-icon-plus\"><\/i>\r\n                        <\/a>\r\n                    <\/div>\r\n                    <div id=\"5cd4c8ect_accordion-0dfbdf4\" class=\"ct-ac-content\" style=\"display:block;\">Les panneaux de particules bruts sont \u00e9conomiques et polyvalents, mais n\u00e9cessitent souvent une finition suppl\u00e9mentaire pour les prot\u00e9ger et les embellir<\/div>\r\n                <\/div>\r\n                            <div class=\"ct-accordion-item \">\r\n                    <div class=\"ct-ac-title \" data-target=\"#755f0e4ct_accordion-0dfbdf4\">\r\n                        <a class=\"ct-ac-title-text\">Utilisation                            <i class=\"ct-accordion-icon-plus\"><\/i>\r\n                        <\/a>\r\n                    <\/div>\r\n                    <div id=\"755f0e4ct_accordion-0dfbdf4\" class=\"ct-ac-content\">Les panneaux de particules bruts sont utilis\u00e9s dans la construction, l'ameublement et d'autres applications o\u00f9 une finition personnalis\u00e9e est requise.<\/div>\r\n                <\/div>\r\n                    <\/div>\r\n    <\/div>\r\n\t\t\t\t<\/div>\n\t\t\t\t<\/div>\n\t\t\t\t<\/div>\n\t\t<div class=\"elementor-element elementor-element-21909dc e-con-full e-flex e-con e-child\" data-id=\"21909dc\" data-element_type=\"container\" data-e-type=\"container\">\n\t\t\t\t<div class=\"elementor-element elementor-element-3947879 elementor-widget elementor-widget-image\" data-id=\"3947879\" data-element_type=\"widget\" data-e-type=\"widget\" data-widget_type=\"image.default\">\n\t\t\t\t<div class=\"elementor-widget-container\">\n\t\t\t\t\t\t\t\t\t\t\t\t\t\t\t<img fetchpriority=\"high\" decoding=\"async\" width=\"640\" height=\"285\" src=\"https:\/\/jawdabois.ma\/wp-content\/uploads\/2024\/06\/plom-1024x456.jpg\" class=\"attachment-large size-large wp-image-15577\" alt=\"mdf-brut\" srcset=\"https:\/\/jawdabois.ma\/wp-content\/uploads\/2024\/06\/plom-1024x456.jpg 1024w, https:\/\/jawdabois.ma\/wp-content\/uploads\/2024\/06\/plom-300x134.jpg 300w, https:\/\/jawdabois.ma\/wp-content\/uploads\/2024\/06\/plom-768x342.jpg 768w, https:\/\/jawdabois.ma\/wp-content\/uploads\/2024\/06\/plom-600x267.jpg 600w, https:\/\/jawdabois.ma\/wp-content\/uploads\/2024\/06\/plom.jpg 1111w\" sizes=\"(max-width: 640px) 100vw, 640px\" \/>\t\t\t\t\t\t\t\t\t\t\t\t\t\t\t<\/div>\n\t\t\t\t<\/div>\n\t\t\t\t<\/div>\n\t\t\t\t\t<\/div>\n\t\t\t\t<\/div>\n\t\t<div class=\"elementor-element elementor-element-d3214ad e-flex e-con-boxed e-con e-parent\" data-id=\"d3214ad\" data-element_type=\"container\" data-e-type=\"container\">\n\t\t\t\t\t<div class=\"e-con-inner\">\n\t\t<div class=\"elementor-element elementor-element-3bb72a7 e-flex e-con-boxed e-con e-child\" data-id=\"3bb72a7\" data-element_type=\"container\" data-e-type=\"container\">\n\t\t\t\t\t<div class=\"e-con-inner\">\n\t\t\t\t<div class=\"elementor-element elementor-element-1e1a9fe elementor-widget__width-auto contact-info-custom2 elementor-widget elementor-widget-ct_contact_info\" data-id=\"1e1a9fe\" data-element_type=\"widget\" data-e-type=\"widget\" data-widget_type=\"ct_contact_info.default\">\n\t\t\t\t<div class=\"elementor-widget-container\">\n\t\t\t\t\t    <div id=\"ct_contact_info-1e1a9fe\" class=\"ct-contact-info ct-contact-info2 style2 \" data-wow-duration=\"1.2s\">\r\n                        <div class=\"item--contact-info\">\r\n                \t    \t\t\t        <span class=\"ct-contact-icon icon-shakeThatBooty\">\r\n                            <a href=\"tel:0535 45 30 44\">        \t\t                <i aria-hidden=\"true\" class=\"flaticon flaticon-phone-call-1\"><\/i>        \t\t                                            <\/a>    \t\t\t        <\/span>\r\n    \t\t\t                        <div class=\"item-meta\">\r\n                        <label class=\"ct-contact-label\">\r\n                           Un devis ?                        <\/label>\r\n                                                    <a class=\"ct-contact-content\" href=\"tel:0535 45 30 44\">\r\n                                0535 45 30 44                            <\/a>\r\n                                            <\/div>\r\n               <\/div>\r\n            <\/div>\r\n\t\t\t\t<\/div>\n\t\t\t\t<\/div>\n\t\t\t\t\t<\/div>\n\t\t\t\t<\/div>\n\t\t\t\t\t<\/div>\n\t\t\t\t<\/div>\n\t\t\t\t<\/div>\n\t\t","protected":false},"excerpt":{"rendered":"<p>jawda Panneaux particule bruts Les panneaux de particules bruts sont des panneaux de particules non rev\u00eatus, g\u00e9n\u00e9ralement utilis\u00e9s comme mat\u00e9riau de base pour d&rsquo;autres finitions Caract\u00e9ristiques Les panneaux de particules bruts sont \u00e9conomiques et polyvalents, mais n\u00e9cessitent souvent une finition suppl\u00e9mentaire pour les prot\u00e9ger et les embellir Utilisation Les panneaux de particules bruts sont utilis\u00e9s [&hellip;]<\/p>\n","protected":false},"author":4,"featured_media":0,"parent":0,"menu_order":0,"comment_status":"closed","ping_status":"closed","template":"","meta":{"content-type":"","_monsterinsights_skip_tracking":false,"_monsterinsights_sitenote_active":false,"_monsterinsights_sitenote_note":"","_monsterinsights_sitenote_category":0,"footnotes":""},"class_list":["post-15461","page","type-page","status-publish","hentry"],"_links":{"self":[{"href":"https:\/\/jawdabois.ma\/index.php\/wp-json\/wp\/v2\/pages\/15461"}],"collection":[{"href":"https:\/\/jawdabois.ma\/index.php\/wp-json\/wp\/v2\/pages"}],"about":[{"href":"https:\/\/jawdabois.ma\/index.php\/wp-json\/wp\/v2\/types\/page"}],"author":[{"embeddable":true,"href":"https:\/\/jawdabois.ma\/index.php\/wp-json\/wp\/v2\/users\/4"}],"replies":[{"embeddable":true,"href":"https:\/\/jawdabois.ma\/index.php\/wp-json\/wp\/v2\/comments?post=15461"}],"version-history":[{"count":7,"href":"https:\/\/jawdabois.ma\/index.php\/wp-json\/wp\/v2\/pages\/15461\/revisions"}],"predecessor-version":[{"id":15581,"href":"https:\/\/jawdabois.ma\/index.php\/wp-json\/wp\/v2\/pages\/15461\/revisions\/15581"}],"wp:attachment":[{"href":"https:\/\/jawdabois.ma\/index.php\/wp-json\/wp\/v2\/media?parent=15461"}],"curies":[{"name":"wp","href":"https:\/\/api.w.org\/{rel}","templated":true}]}}