{"id":15733,"date":"2024-07-25T14:26:37","date_gmt":"2024-07-25T14:26:37","guid":{"rendered":"https:\/\/jawdabois.ma\/?page_id=15733"},"modified":"2024-07-25T14:39:45","modified_gmt":"2024-07-25T14:39:45","slug":"bois-massif","status":"publish","type":"page","link":"https:\/\/jawdabois.ma\/index.php\/bois-massif\/","title":{"rendered":"Bois massif"},"content":{"rendered":"\t\t<div data-elementor-type=\"wp-page\" data-elementor-id=\"15733\" class=\"elementor elementor-15733\">\n\t\t\t\t<div class=\"elementor-element elementor-element-c828506 e-flex e-con-boxed e-con e-parent\" data-id=\"c828506\" data-element_type=\"container\" data-e-type=\"container\">\n\t\t\t\t\t<div class=\"e-con-inner\">\n\t\t<div class=\"elementor-element elementor-element-9e0ef7a e-flex e-con-boxed e-con e-child\" data-id=\"9e0ef7a\" data-element_type=\"container\" data-e-type=\"container\">\n\t\t\t\t\t<div class=\"e-con-inner\">\n\t\t\t\t<div class=\"elementor-element elementor-element-5ba3dc1 elementor-widget elementor-widget-ct_heading\" data-id=\"5ba3dc1\" data-element_type=\"widget\" data-e-type=\"widget\" data-widget_type=\"ct_heading.default\">\n\t\t\t\t<div class=\"elementor-widget-container\">\n\t\t\t\t\t<div id=\"ct_heading-5ba3dc1\" class=\"ct-heading h-align-center item-line-title\">\r\n    <div class=\"heading-wrapper\">\r\n        <div class=\"inner-heading\">\r\n                              <h4 class=\"title-holder\">\r\n                  jawda bois                <\/h4>\r\n                          \t                <h3 class=\"item--title case-animate-time line-title wow tada\" data-wow-delay=\"ms\">\r\n                    <span>Bois massif<\/span>                <\/h3>\r\n        <\/div>\r\n    <\/div>\r\n<\/div>\r\n\t\t\t\t<\/div>\n\t\t\t\t<\/div>\n\t\t\t\t\t<\/div>\n\t\t\t\t<\/div>\n\t\t\t\t\t<\/div>\n\t\t\t\t<\/div>\n\t\t<div class=\"elementor-element elementor-element-90ee24e e-flex e-con-boxed e-con e-parent\" data-id=\"90ee24e\" data-element_type=\"container\" data-e-type=\"container\">\n\t\t\t\t\t<div class=\"e-con-inner\">\n\t\t<div class=\"elementor-element elementor-element-e40a4e1 e-con-full e-flex e-con e-child\" data-id=\"e40a4e1\" data-element_type=\"container\" data-e-type=\"container\">\n\t\t\t\t<div class=\"elementor-element elementor-element-cf52ff0 elementor-widget elementor-widget-text-editor\" data-id=\"cf52ff0\" data-element_type=\"widget\" data-e-type=\"widget\" data-widget_type=\"text-editor.default\">\n\t\t\t\t<div class=\"elementor-widget-container\">\n\t\t\t\t\t\t\t\t\t<p>Le bois massif est un\u00a0<b>bois non transform\u00e9, il ne s&rsquo;agit pas d&rsquo;un mat\u00e9riau composite<\/b>. Il est appel\u00e9 bois d&rsquo;\u0153uvre avant d&rsquo;\u00eatre transform\u00e9 comme mat\u00e9riau de construction. Il existe plusieurs d\u00e9nominations de bois d&rsquo;ing\u00e9nierie massif.\u00a0<\/p>\t\t\t\t\t\t\t\t<\/div>\n\t\t\t\t<\/div>\n\t\t\t\t<div class=\"elementor-element elementor-element-8bb248f elementor-widget elementor-widget-text-editor\" data-id=\"8bb248f\" data-element_type=\"widget\" data-e-type=\"widget\" data-widget_type=\"text-editor.default\">\n\t\t\t\t<div class=\"elementor-widget-container\">\n\t\t\t\t\t\t\t\t\t<div class=\"wDYxhc\" lang=\"fr-MA\" data-md=\"61\"><div class=\"LGOjhe\" role=\"heading\" data-attrid=\"wa:\/description\" aria-level=\"3\" data-hveid=\"CBsQAA\"><div class=\"wDYxhc\" lang=\"fr-MA\" data-md=\"61\"><div class=\"LGOjhe\" role=\"heading\" data-attrid=\"wa:\/description\" aria-level=\"3\" data-hveid=\"CBsQAA\"><span class=\"ILfuVd\" lang=\"fr\"><span class=\"hgKElc\">Le bois massif convient \u00e0 de nombreux usages :\u00a0<b>s&rsquo;il est parfait pour la conception de mobilier, auquel il offre une esth\u00e9tique unique et exceptionnelle, c&rsquo;est \u00e9galement un mat\u00e9riau particuli\u00e8rement adapt\u00e9 \u00e0 la menuiserie<\/b>.<\/span><\/span><\/div><\/div><\/div><\/div><div class=\"g\"><div lang=\"fr\" data-hveid=\"CBgQAA\" data-ved=\"2ahUKEwj8s83gtMKHAxXyTqQEHdZDLFcQFSgAegQIGBAA\"><div class=\"tF2Cxc\"><div class=\"yuRUbf\">\u00a0<\/div><\/div><\/div><\/div>\t\t\t\t\t\t\t\t<\/div>\n\t\t\t\t<\/div>\n\t\t\t\t<\/div>\n\t\t<div class=\"elementor-element elementor-element-837509e e-con-full e-flex e-con e-child\" data-id=\"837509e\" data-element_type=\"container\" data-e-type=\"container\">\n\t\t\t\t<div class=\"elementor-element elementor-element-a0db542 elementor-widget elementor-widget-image\" data-id=\"a0db542\" data-element_type=\"widget\" data-e-type=\"widget\" data-widget_type=\"image.default\">\n\t\t\t\t<div class=\"elementor-widget-container\">\n\t\t\t\t\t\t\t\t\t\t\t\t\t\t\t<img fetchpriority=\"high\" decoding=\"async\" width=\"640\" height=\"373\" src=\"https:\/\/jawdabois.ma\/wp-content\/uploads\/2024\/07\/nettoyer-meuble-bois-massif-1024x597.jpg\" class=\"attachment-large size-large wp-image-15741\" alt=\"BOIS MASSIF jawda bois\" srcset=\"https:\/\/jawdabois.ma\/wp-content\/uploads\/2024\/07\/nettoyer-meuble-bois-massif-1024x597.jpg 1024w, https:\/\/jawdabois.ma\/wp-content\/uploads\/2024\/07\/nettoyer-meuble-bois-massif-300x175.jpg 300w, https:\/\/jawdabois.ma\/wp-content\/uploads\/2024\/07\/nettoyer-meuble-bois-massif-768x448.jpg 768w, https:\/\/jawdabois.ma\/wp-content\/uploads\/2024\/07\/nettoyer-meuble-bois-massif-600x350.jpg 600w, https:\/\/jawdabois.ma\/wp-content\/uploads\/2024\/07\/nettoyer-meuble-bois-massif.jpg 1200w\" sizes=\"(max-width: 640px) 100vw, 640px\" \/>\t\t\t\t\t\t\t\t\t\t\t\t\t\t\t<\/div>\n\t\t\t\t<\/div>\n\t\t\t\t<\/div>\n\t\t\t\t\t<\/div>\n\t\t\t\t<\/div>\n\t\t<div class=\"elementor-element elementor-element-e9f99e7 e-flex e-con-boxed e-con e-parent\" data-id=\"e9f99e7\" data-element_type=\"container\" data-e-type=\"container\">\n\t\t\t\t\t<div class=\"e-con-inner\">\n\t\t<div class=\"elementor-element elementor-element-957f8ba e-con-full e-flex e-con e-child\" data-id=\"957f8ba\" data-element_type=\"container\" data-e-type=\"container\">\n\t\t\t\t<div class=\"elementor-element elementor-element-06c46fb elementor-widget elementor-widget-image\" data-id=\"06c46fb\" data-element_type=\"widget\" data-e-type=\"widget\" data-widget_type=\"image.default\">\n\t\t\t\t<div class=\"elementor-widget-container\">\n\t\t\t\t\t\t\t\t\t\t\t\t\t\t\t<img decoding=\"async\" width=\"640\" height=\"400\" src=\"https:\/\/jawdabois.ma\/wp-content\/uploads\/2024\/07\/shutterstock_1945670740-1-1080x675-1-1024x640.jpg\" class=\"attachment-large size-large wp-image-15742\" alt=\"jawda bois\" srcset=\"https:\/\/jawdabois.ma\/wp-content\/uploads\/2024\/07\/shutterstock_1945670740-1-1080x675-1-1024x640.jpg 1024w, https:\/\/jawdabois.ma\/wp-content\/uploads\/2024\/07\/shutterstock_1945670740-1-1080x675-1-300x188.jpg 300w, https:\/\/jawdabois.ma\/wp-content\/uploads\/2024\/07\/shutterstock_1945670740-1-1080x675-1-768x480.jpg 768w, https:\/\/jawdabois.ma\/wp-content\/uploads\/2024\/07\/shutterstock_1945670740-1-1080x675-1-600x375.jpg 600w, https:\/\/jawdabois.ma\/wp-content\/uploads\/2024\/07\/shutterstock_1945670740-1-1080x675-1.jpg 1080w\" sizes=\"(max-width: 640px) 100vw, 640px\" \/>\t\t\t\t\t\t\t\t\t\t\t\t\t\t\t<\/div>\n\t\t\t\t<\/div>\n\t\t\t\t<\/div>\n\t\t<div class=\"elementor-element elementor-element-deb0194 e-con-full e-flex e-con e-child\" data-id=\"deb0194\" data-element_type=\"container\" data-e-type=\"container\">\n\t\t\t\t<div class=\"elementor-element elementor-element-7b1e999 elementor-widget__width-auto contact-info-custom2 elementor-widget elementor-widget-ct_contact_info\" data-id=\"7b1e999\" data-element_type=\"widget\" data-e-type=\"widget\" data-widget_type=\"ct_contact_info.default\">\n\t\t\t\t<div class=\"elementor-widget-container\">\n\t\t\t\t\t    <div id=\"ct_contact_info-7b1e999\" class=\"ct-contact-info ct-contact-info2 style2 \" data-wow-duration=\"1.2s\">\r\n                        <div class=\"item--contact-info\">\r\n                \t    \t\t\t        <span class=\"ct-contact-icon icon-shakeThatBooty\">\r\n                            <a href=\"tel:0535 45 30 44\">        \t\t                <i aria-hidden=\"true\" class=\"flaticon flaticon-phone-call-1\"><\/i>        \t\t                                            <\/a>    \t\t\t        <\/span>\r\n    \t\t\t                        <div class=\"item-meta\">\r\n                        <label class=\"ct-contact-label\">\r\n                           Un devis ?                        <\/label>\r\n                                                    <a class=\"ct-contact-content\" href=\"tel:0535 45 30 44\">\r\n                                0535 45 30 44                            <\/a>\r\n                                            <\/div>\r\n               <\/div>\r\n            <\/div>\r\n\t\t\t\t<\/div>\n\t\t\t\t<\/div>\n\t\t\t\t<\/div>\n\t\t\t\t\t<\/div>\n\t\t\t\t<\/div>\n\t\t\t\t<\/div>\n\t\t","protected":false},"excerpt":{"rendered":"<p>jawda bois Bois massif Le bois massif est un\u00a0bois non transform\u00e9, il ne s&rsquo;agit pas d&rsquo;un mat\u00e9riau composite. Il est appel\u00e9 bois d&rsquo;\u0153uvre avant d&rsquo;\u00eatre transform\u00e9 comme mat\u00e9riau de construction. Il existe plusieurs d\u00e9nominations de bois d&rsquo;ing\u00e9nierie massif.\u00a0 Le bois massif convient \u00e0 de nombreux usages :\u00a0s&rsquo;il est parfait pour la conception de mobilier, auquel [&hellip;]<\/p>\n","protected":false},"author":4,"featured_media":0,"parent":0,"menu_order":0,"comment_status":"closed","ping_status":"closed","template":"","meta":{"content-type":"","_monsterinsights_skip_tracking":false,"_monsterinsights_sitenote_active":false,"_monsterinsights_sitenote_note":"","_monsterinsights_sitenote_category":0,"footnotes":""},"class_list":["post-15733","page","type-page","status-publish","hentry"],"_links":{"self":[{"href":"https:\/\/jawdabois.ma\/index.php\/wp-json\/wp\/v2\/pages\/15733"}],"collection":[{"href":"https:\/\/jawdabois.ma\/index.php\/wp-json\/wp\/v2\/pages"}],"about":[{"href":"https:\/\/jawdabois.ma\/index.php\/wp-json\/wp\/v2\/types\/page"}],"author":[{"embeddable":true,"href":"https:\/\/jawdabois.ma\/index.php\/wp-json\/wp\/v2\/users\/4"}],"replies":[{"embeddable":true,"href":"https:\/\/jawdabois.ma\/index.php\/wp-json\/wp\/v2\/comments?post=15733"}],"version-history":[{"count":7,"href":"https:\/\/jawdabois.ma\/index.php\/wp-json\/wp\/v2\/pages\/15733\/revisions"}],"predecessor-version":[{"id":15746,"href":"https:\/\/jawdabois.ma\/index.php\/wp-json\/wp\/v2\/pages\/15733\/revisions\/15746"}],"wp:attachment":[{"href":"https:\/\/jawdabois.ma\/index.php\/wp-json\/wp\/v2\/media?parent=15733"}],"curies":[{"name":"wp","href":"https:\/\/api.w.org\/{rel}","templated":true}]}}